{"id":1040,"date":"2020-10-21T08:30:58","date_gmt":"2020-10-21T07:30:58","guid":{"rendered":"https:\/\/karoptima.com\/?page_id=1040"},"modified":"2024-03-23T16:30:10","modified_gmt":"2024-03-23T15:30:10","slug":"accueil","status":"publish","type":"page","link":"https:\/\/karoptima.com\/","title":{"rendered":"Home"},"content":{"rendered":"\t\t<div data-elementor-type=\"wp-page\" data-elementor-id=\"1040\" class=\"elementor elementor-1040\">\n\t\t\t\t\t\t<section class=\"elementor-section elementor-top-section elementor-element elementor-element-f43a018 elementor-section-boxed elementor-section-height-default elementor-section-height-default\" data-id=\"f43a018\" data-element_type=\"section\">\n\t\t\t\t\t\t<div class=\"elementor-container elementor-column-gap-default\">\n\t\t\t\t\t<div class=\"elementor-column elementor-col-100 elementor-top-column elementor-element elementor-element-7582c7e\" data-id=\"7582c7e\" data-element_type=\"column\">\n\t\t\t<div class=\"elementor-widget-wrap elementor-element-populated\">\n\t\t\t\t\t\t<section class=\"elementor-section elementor-inner-section elementor-element elementor-element-1686ab9 elementor-section-boxed elementor-section-height-default elementor-section-height-default\" data-id=\"1686ab9\" data-element_type=\"section\">\n\t\t\t\t\t\t<div class=\"elementor-container elementor-column-gap-default\">\n\t\t\t\t\t<div class=\"elementor-column elementor-col-100 elementor-inner-column elementor-element elementor-element-2d50962\" data-id=\"2d50962\" data-element_type=\"column\">\n\t\t\t<div class=\"elementor-widget-wrap elementor-element-populated\">\n\t\t\t\t\t\t<div class=\"elementor-element elementor-element-c5344d7 elementor-widget__width-initial elementor-widget elementor-widget-text-editor\" data-id=\"c5344d7\" data-element_type=\"widget\" data-widget_type=\"text-editor.default\">\n\t\t\t\t<div class=\"elementor-widget-container\">\n\t\t\t<style>\/*! elementor - v3.20.0 - 26-03-2024 *\/\n.elementor-widget-text-editor.elementor-drop-cap-view-stacked .elementor-drop-cap{background-color:#69727d;color:#fff}.elementor-widget-text-editor.elementor-drop-cap-view-framed .elementor-drop-cap{color:#69727d;border:3px solid;background-color:transparent}.elementor-widget-text-editor:not(.elementor-drop-cap-view-default) .elementor-drop-cap{margin-top:8px}.elementor-widget-text-editor:not(.elementor-drop-cap-view-default) .elementor-drop-cap-letter{width:1em;height:1em}.elementor-widget-text-editor .elementor-drop-cap{float:left;text-align:center;line-height:1;font-size:50px}.elementor-widget-text-editor .elementor-drop-cap-letter{display:inline-block}<\/style>\t\t\t\t<h3 style=\"text-align: center;\"><span style=\"color: #eb583c;\"><em>Des<\/em><em> clics, pratiques et pragmatiques !<br \/>Pour accompagner les petites structures dans leur d\u00e9veloppement.<\/em><\/span><\/h3><div>\u00a0<\/div><h1><strong>Organisation<\/strong> &#8211; <span style=\"color: #305d63;\"><strong>Optimisation <\/strong>temps et moyens <\/span><\/h1><h1 style=\"text-align: center;\"><span style=\"color: #305d63;\"><strong>\u00a0<\/strong><\/span><strong>Coordination de Projets<\/strong><\/h1><h1 style=\"text-align: center;\"><span style=\"color: #305d63;\"><strong>Gestion Administrative <br \/><\/strong><\/span><\/h1><h2><span style=\"color: #5f9b98;\"><br \/><strong>Accordez-vous plus de temps !<\/strong><\/span><\/h2><h2><span style=\"color: #5f9b98;\">VOUS vous concentrez sur le d\u00e9veloppement de votre activit\u00e9,<\/span><\/h2><h2><span style=\"color: #5f9b98;\"> JE prends le relais sur certaines taches chronophages et n\u00e9anmoins essentielles.<br \/><\/span><\/h2>\t\t\t\t\t\t<\/div>\n\t\t\t\t<\/div>\n\t\t\t\t\t<\/div>\n\t\t<\/div>\n\t\t\t\t\t<\/div>\n\t\t<\/section>\n\t\t\t\t\t<\/div>\n\t\t<\/div>\n\t\t\t\t\t<\/div>\n\t\t<\/section>\n\t\t\t\t<section class=\"elementor-section elementor-top-section elementor-element elementor-element-f90436c elementor-section-boxed elementor-section-height-default elementor-section-height-default\" data-id=\"f90436c\" data-element_type=\"section\">\n\t\t\t\t\t\t<div class=\"elementor-container elementor-column-gap-default\">\n\t\t\t\t\t<div class=\"elementor-column elementor-col-100 elementor-top-column elementor-element elementor-element-32d4ccb\" data-id=\"32d4ccb\" data-element_type=\"column\">\n\t\t\t<div class=\"elementor-widget-wrap elementor-element-populated\">\n\t\t\t\t\t\t<div class=\"elementor-element elementor-element-000188e elementor-widget elementor-widget-text-editor\" data-id=\"000188e\" data-element_type=\"widget\" data-widget_type=\"text-editor.default\">\n\t\t\t\t<div class=\"elementor-widget-container\">\n\t\t\t\t\t\t\t<h2>\u00a0<\/h2><h2><span style=\"color: #eb583c;\">Des <strong>solutions \u00e0 la carte\u00a0 <\/strong><\/span><\/h2><h2><span style=\"color: #eb583c;\">Un partenariat bas\u00e9 sur la <strong>confiance<\/strong><\/span><\/h2><h2><span style=\"color: #eb583c;\">L&rsquo;<strong>adaptabilit\u00e9<\/strong> avant tout !<\/span><\/h2><h2>\u00a0<\/h2>\t\t\t\t\t\t<\/div>\n\t\t\t\t<\/div>\n\t\t\t\t\t<\/div>\n\t\t<\/div>\n\t\t\t\t\t<\/div>\n\t\t<\/section>\n\t\t\t\t<section class=\"elementor-section elementor-top-section elementor-element elementor-element-416f296 elementor-section-boxed elementor-section-height-default elementor-section-height-default\" data-id=\"416f296\" data-element_type=\"section\">\n\t\t\t\t\t\t<div class=\"elementor-container elementor-column-gap-default\">\n\t\t\t\t\t<div class=\"elementor-column elementor-col-100 elementor-top-column elementor-element elementor-element-13ba357\" data-id=\"13ba357\" data-element_type=\"column\">\n\t\t\t<div class=\"elementor-widget-wrap elementor-element-populated\">\n\t\t\t\t\t\t<div class=\"elementor-element elementor-element-cec3176 elementor-widget elementor-widget-image\" data-id=\"cec3176\" data-element_type=\"widget\" data-widget_type=\"image.default\">\n\t\t\t\t<div class=\"elementor-widget-container\">\n\t\t\t<style>\/*! elementor - v3.20.0 - 26-03-2024 *\/\n.elementor-widget-image{text-align:center}.elementor-widget-image a{display:inline-block}.elementor-widget-image a img[src$=\".svg\"]{width:48px}.elementor-widget-image img{vertical-align:middle;display:inline-block}<\/style>\t\t\t\t\t\t\t\t\t\t<img fetchpriority=\"high\" decoding=\"async\" width=\"500\" height=\"310\" src=\"https:\/\/karoptima.com\/wp-content\/uploads\/2015\/10\/nuage-de-mots-e1682338380925.png\" class=\"attachment-large size-large wp-image-576\" alt=\"\" srcset=\"https:\/\/karoptima.com\/wp-content\/uploads\/2015\/10\/nuage-de-mots-e1682338380925.png 500w, https:\/\/karoptima.com\/wp-content\/uploads\/2015\/10\/nuage-de-mots-e1682338380925-300x186.png 300w\" sizes=\"(max-width: 500px) 100vw, 500px\" \/>\t\t\t\t\t\t\t\t\t\t\t\t\t<\/div>\n\t\t\t\t<\/div>\n\t\t\t\t\t<\/div>\n\t\t<\/div>\n\t\t\t\t\t<\/div>\n\t\t<\/section>\n\t\t\t\t<\/div>\n\t\t","protected":false},"excerpt":{"rendered":"<p>Des clics, pratiques et pragmatiques !Pour accompagner les petites structures dans leur d\u00e9veloppement. \u00a0 Organisation &#8211; Optimisation temps et moyens \u00a0Coordination de Projets Gestion Administrative Accordez-vous plus de temps ! VOUS vous concentrez sur le d\u00e9veloppement de votre activit\u00e9, JE prends le relais sur certaines taches chronophages et n\u00e9anmoins essentielles. \u00a0 Des solutions \u00e0 la [&hellip;]<\/p>\n","protected":false},"author":1,"featured_media":0,"parent":0,"menu_order":0,"comment_status":"closed","ping_status":"closed","template":"","meta":{"footnotes":""},"aioseo_notices":[],"_links":{"self":[{"href":"https:\/\/karoptima.com\/index.php\/wp-json\/wp\/v2\/pages\/1040"}],"collection":[{"href":"https:\/\/karoptima.com\/index.php\/wp-json\/wp\/v2\/pages"}],"about":[{"href":"https:\/\/karoptima.com\/index.php\/wp-json\/wp\/v2\/types\/page"}],"author":[{"embeddable":true,"href":"https:\/\/karoptima.com\/index.php\/wp-json\/wp\/v2\/users\/1"}],"replies":[{"embeddable":true,"href":"https:\/\/karoptima.com\/index.php\/wp-json\/wp\/v2\/comments?post=1040"}],"version-history":[{"count":565,"href":"https:\/\/karoptima.com\/index.php\/wp-json\/wp\/v2\/pages\/1040\/revisions"}],"predecessor-version":[{"id":6490,"href":"https:\/\/karoptima.com\/index.php\/wp-json\/wp\/v2\/pages\/1040\/revisions\/6490"}],"wp:attachment":[{"href":"https:\/\/karoptima.com\/index.php\/wp-json\/wp\/v2\/media?parent=1040"}],"curies":[{"name":"wp","href":"https:\/\/api.w.org\/{rel}","templated":true}]}}