{"id":2,"date":"2015-10-31T14:45:26","date_gmt":"2015-10-31T13:45:26","guid":{"rendered":"http:\/\/karoptima.com\/?page_id=2"},"modified":"2024-03-22T11:39:06","modified_gmt":"2024-03-22T10:39:06","slug":"presentation","status":"publish","type":"page","link":"https:\/\/karoptima.com\/index.php\/presentation\/","title":{"rendered":"Pr\u00e9sentation"},"content":{"rendered":"\t\t<div data-elementor-type=\"wp-page\" data-elementor-id=\"2\" class=\"elementor elementor-2\">\n\t\t\t\t\t\t<section class=\"elementor-section elementor-top-section elementor-element elementor-element-5d188d92 elementor-section-boxed elementor-section-height-default elementor-section-height-default\" data-id=\"5d188d92\" data-element_type=\"section\">\n\t\t\t\t\t\t<div class=\"elementor-container elementor-column-gap-default\">\n\t\t\t\t\t<div class=\"elementor-column elementor-col-100 elementor-top-column elementor-element elementor-element-558891bc\" data-id=\"558891bc\" data-element_type=\"column\">\n\t\t\t<div class=\"elementor-widget-wrap elementor-element-populated\">\n\t\t\t\t\t\t<div class=\"elementor-element elementor-element-5cee487f elementor-widget elementor-widget-text-editor\" data-id=\"5cee487f\" data-element_type=\"widget\" data-widget_type=\"text-editor.default\">\n\t\t\t\t<div class=\"elementor-widget-container\">\n\t\t\t<style>\/*! elementor - v3.20.0 - 26-03-2024 *\/\n.elementor-widget-text-editor.elementor-drop-cap-view-stacked .elementor-drop-cap{background-color:#69727d;color:#fff}.elementor-widget-text-editor.elementor-drop-cap-view-framed .elementor-drop-cap{color:#69727d;border:3px solid;background-color:transparent}.elementor-widget-text-editor:not(.elementor-drop-cap-view-default) .elementor-drop-cap{margin-top:8px}.elementor-widget-text-editor:not(.elementor-drop-cap-view-default) .elementor-drop-cap-letter{width:1em;height:1em}.elementor-widget-text-editor .elementor-drop-cap{float:left;text-align:center;line-height:1;font-size:50px}.elementor-widget-text-editor .elementor-drop-cap-letter{display:inline-block}<\/style>\t\t\t\t<p><!-- wp:heading {\"align\":\"left\"} --><\/p>\n<p><!-- \/wp:heading --><\/p>\n<p><!-- wp:paragraph --><\/p>\n<h2><span style=\"color: #038480;\"><strong>KAROPTIMA : pourquoi et comment ?<br \/><\/strong><\/span><br \/><span style=\"color: #038480;\">KAROPTIMA\u00a0 a \u00e9t\u00e9 cr\u00e9\u00e9e en 2016 afin d&rsquo;offrir, notamment aux petites structures, <\/span><br \/><span style=\"color: #038480;\">la possibilit\u00e9 d&rsquo;externaliser certaines t\u00e2ches,<br \/>souvent chronophages et n\u00e9anmoins in\u00e9vitables.<\/span><\/h2>\n<h2><span style=\"color: #038480;\">Gr\u00e2ce \u00e0 mon exp\u00e9rience confirm\u00e9e <br \/>aupr\u00e8s de soci\u00e9t\u00e9s de toutes tailles et de secteurs d&rsquo;activit\u00e9s divers,<br \/>je reste \u00e0 l&rsquo;\u00e9coute de vos besoins<br \/>afin de vous proposer <br \/>des <strong>prestations sur mesure,<\/strong><strong> sur votre site et\/ou externalis\u00e9es,<\/strong> <\/span><br \/><span style=\"color: #038480;\">renforc\u00e9es par <strong>un accompagnement flexible.<\/strong><\/span><\/h2>\n<h3><!-- \/wp:paragraph --><\/h3>\n<h3><!-- wp:paragraph {\"align\":\"right\"} --><\/h3>\n<p><!-- \/wp:paragraph --><\/p>\n<p><!-- wp:paragraph --><\/p>\n<p><!-- \/wp:paragraph --><\/p>\n<p><!-- wp:paragraph --><\/p>\n<p><!-- \/wp:paragraph --><\/p>\n<p><!-- wp:paragraph --><\/p>\n<p><!-- \/wp:paragraph --><\/p>\n<p><!-- wp:paragraph --><\/p>\n<p><!-- \/wp:paragraph --><\/p>\n<p><!-- wp:paragraph {\"align\":\"center\",\"textColor\":\"very-dark-gray\",\"backgroundColor\":\"luminous-vivid-amber\",\"fontSize\":\"medium\"} --><\/p>\n<p><!-- \/wp:paragraph --><\/p>\t\t\t\t\t\t<\/div>\n\t\t\t\t<\/div>\n\t\t\t\t\t<\/div>\n\t\t<\/div>\n\t\t\t\t\t<\/div>\n\t\t<\/section>\n\t\t\t\t<section class=\"elementor-section elementor-top-section elementor-element elementor-element-d5e8f92 elementor-section-boxed elementor-section-height-default elementor-section-height-default\" data-id=\"d5e8f92\" data-element_type=\"section\">\n\t\t\t\t\t\t<div class=\"elementor-container elementor-column-gap-default\">\n\t\t\t\t\t<div class=\"elementor-column elementor-col-100 elementor-top-column elementor-element elementor-element-316b846\" data-id=\"316b846\" data-element_type=\"column\">\n\t\t\t<div class=\"elementor-widget-wrap elementor-element-populated\">\n\t\t\t\t\t\t<div class=\"elementor-element elementor-element-f5c5b48 elementor-widget elementor-widget-image\" data-id=\"f5c5b48\" data-element_type=\"widget\" data-widget_type=\"image.default\">\n\t\t\t\t<div class=\"elementor-widget-container\">\n\t\t\t<style>\/*! elementor - v3.20.0 - 26-03-2024 *\/\n.elementor-widget-image{text-align:center}.elementor-widget-image a{display:inline-block}.elementor-widget-image a img[src$=\".svg\"]{width:48px}.elementor-widget-image img{vertical-align:middle;display:inline-block}<\/style>\t\t\t\t\t\t\t\t\t\t<img fetchpriority=\"high\" decoding=\"async\" width=\"465\" height=\"291\" src=\"https:\/\/karoptima.com\/wp-content\/uploads\/2023\/04\/solve-2636254_640-e1711103509191.webp\" class=\"attachment-large size-large wp-image-5327\" alt=\"\" srcset=\"https:\/\/karoptima.com\/wp-content\/uploads\/2023\/04\/solve-2636254_640-e1711103509191.webp 465w, https:\/\/karoptima.com\/wp-content\/uploads\/2023\/04\/solve-2636254_640-e1711103509191-300x188.webp 300w\" sizes=\"(max-width: 465px) 100vw, 465px\" \/>\t\t\t\t\t\t\t\t\t\t\t\t\t<\/div>\n\t\t\t\t<\/div>\n\t\t\t\t\t<\/div>\n\t\t<\/div>\n\t\t\t\t\t<\/div>\n\t\t<\/section>\n\t\t\t\t<section class=\"elementor-section elementor-top-section elementor-element elementor-element-cf95a4b elementor-section-boxed elementor-section-height-default elementor-section-height-default\" data-id=\"cf95a4b\" data-element_type=\"section\" data-settings=\"{&quot;background_background&quot;:&quot;classic&quot;}\">\n\t\t\t\t\t\t<div class=\"elementor-container elementor-column-gap-default\">\n\t\t\t\t\t<div class=\"elementor-column elementor-col-50 elementor-top-column elementor-element elementor-element-db71e3a\" data-id=\"db71e3a\" data-element_type=\"column\" data-settings=\"{&quot;background_background&quot;:&quot;classic&quot;}\">\n\t\t\t<div class=\"elementor-widget-wrap elementor-element-populated\">\n\t\t\t\t\t\t<div class=\"elementor-element elementor-element-fe78879 elementor-widget__width-initial elementor-widget elementor-widget-text-editor\" data-id=\"fe78879\" data-element_type=\"widget\" data-widget_type=\"text-editor.default\">\n\t\t\t\t<div class=\"elementor-widget-container\">\n\t\t\t\t\t\t\t<h2 style=\"text-align: center;\"><span style=\"color: #666262;\">Quels b\u00e9n\u00e9fices pour vous en faisant appel \u00e0 KAROPTIMA ?<\/span><\/h2>\n<h2 style=\"text-align: center;\"><span style=\"color: #666262;\">1 &#8211; Vous vous focalisez sur le d\u00e9veloppement de votre activit\u00e9.<\/span><\/h2>\n<h2 style=\"text-align: center;\"><span style=\"color: #666262;\">2 &#8211; Vous passez plus de temps avec vos proches.<\/span><\/h2>\n<h2 style=\"text-align: center;\"><span style=\"color: #666262;\">3 &#8211; Vos projets avancent plus vite.<br \/><\/span><\/h2>\t\t\t\t\t\t<\/div>\n\t\t\t\t<\/div>\n\t\t\t\t\t<\/div>\n\t\t<\/div>\n\t\t\t\t<div class=\"elementor-column elementor-col-50 elementor-top-column elementor-element elementor-element-ae815cd\" data-id=\"ae815cd\" data-element_type=\"column\">\n\t\t\t<div class=\"elementor-widget-wrap elementor-element-populated\">\n\t\t\t\t\t\t<div class=\"elementor-element elementor-element-ac9aebc elementor-widget elementor-widget-text-editor\" data-id=\"ac9aebc\" data-element_type=\"widget\" data-widget_type=\"text-editor.default\">\n\t\t\t\t<div class=\"elementor-widget-container\">\n\t\t\t\t\t\t\t\t\t\t\t\t\t<\/div>\n\t\t\t\t<\/div>\n\t\t\t\t\t<\/div>\n\t\t<\/div>\n\t\t\t\t\t<\/div>\n\t\t<\/section>\n\t\t\t\t<section class=\"elementor-section elementor-top-section elementor-element elementor-element-5a76268 elementor-section-boxed elementor-section-height-default elementor-section-height-default\" data-id=\"5a76268\" data-element_type=\"section\">\n\t\t\t\t\t\t<div class=\"elementor-container elementor-column-gap-default\">\n\t\t\t\t\t<div class=\"elementor-column elementor-col-100 elementor-top-column elementor-element elementor-element-119dfc2\" data-id=\"119dfc2\" data-element_type=\"column\">\n\t\t\t<div class=\"elementor-widget-wrap elementor-element-populated\">\n\t\t\t\t\t\t<div class=\"elementor-element elementor-element-088745d elementor-widget__width-initial elementor-widget elementor-widget-text-editor\" data-id=\"088745d\" data-element_type=\"widget\" data-widget_type=\"text-editor.default\">\n\t\t\t\t<div class=\"elementor-widget-container\">\n\t\t\t\t\t\t\t<h3>\u00a0<\/h3>\n<h3><em><span style=\"color: #008080;\">Ma motivation :<\/span><\/em><br \/><em><span style=\"color: #008080;\">une efficience permanente avec, comme point d&rsquo;appui, une organisation constante.<\/span><\/em><\/h3>\n<h3><em><span style=\"color: #008080;\">Mes acquis :<\/span><\/em><br \/><em><span style=\"color: #008080;\">qui me permettent de proposer une large gamme de prestations adapt\u00e9es \u00e0 vos besoins.<\/span><\/em><\/h3>\n<h3><em><span style=\"color: #008080;\">Mes mots cl\u00e9s :<\/span><\/em><br \/><em><span style=\"color: #008080;\">Expertise &#8211; Fiabilit\u00e9 &#8211;\u00a0 Analyse et synth\u00e8se.<\/span><\/em><\/h3>\n<h3><em><span style=\"color: #008080;\">Mes moteurs :<\/span><\/em><br \/><em><span style=\"color: #008080;\">les challenges et les nouveaut\u00e9s ; la diversit\u00e9 des personnes et des projets.<\/span><\/em><\/h3>\n<h3>\u00a0<\/h3>\t\t\t\t\t\t<\/div>\n\t\t\t\t<\/div>\n\t\t\t\t\t<\/div>\n\t\t<\/div>\n\t\t\t\t\t<\/div>\n\t\t<\/section>\n\t\t\t\t<section class=\"elementor-section elementor-top-section elementor-element elementor-element-f5153c9 elementor-section-boxed elementor-section-height-default elementor-section-height-default\" data-id=\"f5153c9\" data-element_type=\"section\">\n\t\t\t\t\t\t<div class=\"elementor-container elementor-column-gap-default\">\n\t\t\t\t\t<div class=\"elementor-column elementor-col-100 elementor-top-column elementor-element elementor-element-9471210\" data-id=\"9471210\" data-element_type=\"column\">\n\t\t\t<div class=\"elementor-widget-wrap elementor-element-populated\">\n\t\t\t\t\t\t<div class=\"elementor-element elementor-element-d0e85e1 elementor-widget elementor-widget-text-editor\" data-id=\"d0e85e1\" data-element_type=\"widget\" data-widget_type=\"text-editor.default\">\n\t\t\t\t<div class=\"elementor-widget-container\">\n\t\t\t\t\t\t\t<h4><span style=\"color: #305d63;\">Avant KAROPTIMA&#8230;&#8230;.<\/span><\/h4>\n<h4><span style=\"color: #305d63;\">Ces comp\u00e9tences \u00e9tendues qui vous sont maintenant propos\u00e9es ont \u00e9t\u00e9 acquises durant des ann\u00e9es.<\/span><\/h4>\n<h4><span style=\"color: #305d63;\">12 ans en tant qu&rsquo;Assistante Commerciale Export avec la gestion des dossiers commerciaux pour les filiales, grands comptes et clients directs.<\/span><br \/><span style=\"color: #305d63;\">Les 10 ann\u00e9es suivantes, en tant qu&rsquo;Assistante de Direction Bilingue avec suivi du fonctionnement global de chaque entit\u00e9 dans sa particularit\u00e9.<\/span><\/h4>\n<h4 style=\"text-align: center;\"><span style=\"color: #305d63;\">C&rsquo;est cette diversit\u00e9 d&rsquo;exp\u00e9riences <\/span><span style=\"color: #305d63;\">qui me permet de m&rsquo;adapter \u00e0 vos besoins !<\/span><\/h4>\t\t\t\t\t\t<\/div>\n\t\t\t\t<\/div>\n\t\t\t\t\t<\/div>\n\t\t<\/div>\n\t\t\t\t\t<\/div>\n\t\t<\/section>\n\t\t\t\t<\/div>\n\t\t","protected":false},"excerpt":{"rendered":"<p>KAROPTIMA : pourquoi et comment ?KAROPTIMA\u00a0 a \u00e9t\u00e9 cr\u00e9\u00e9e en 2016 afin d&rsquo;offrir, notamment aux petites structures, la possibilit\u00e9 d&rsquo;externaliser certaines t\u00e2ches,souvent chronophages et n\u00e9anmoins in\u00e9vitables. Gr\u00e2ce \u00e0 mon exp\u00e9rience confirm\u00e9e aupr\u00e8s de soci\u00e9t\u00e9s de toutes tailles et de secteurs d&rsquo;activit\u00e9s divers,je reste \u00e0 l&rsquo;\u00e9coute de vos besoinsafin de vous proposer des prestations sur mesure, [&hellip;]<\/p>\n","protected":false},"author":1,"featured_media":0,"parent":0,"menu_order":0,"comment_status":"closed","ping_status":"closed","template":"","meta":{"footnotes":""},"aioseo_notices":[],"_links":{"self":[{"href":"https:\/\/karoptima.com\/index.php\/wp-json\/wp\/v2\/pages\/2"}],"collection":[{"href":"https:\/\/karoptima.com\/index.php\/wp-json\/wp\/v2\/pages"}],"about":[{"href":"https:\/\/karoptima.com\/index.php\/wp-json\/wp\/v2\/types\/page"}],"author":[{"embeddable":true,"href":"https:\/\/karoptima.com\/index.php\/wp-json\/wp\/v2\/users\/1"}],"replies":[{"embeddable":true,"href":"https:\/\/karoptima.com\/index.php\/wp-json\/wp\/v2\/comments?post=2"}],"version-history":[{"count":711,"href":"https:\/\/karoptima.com\/index.php\/wp-json\/wp\/v2\/pages\/2\/revisions"}],"predecessor-version":[{"id":6442,"href":"https:\/\/karoptima.com\/index.php\/wp-json\/wp\/v2\/pages\/2\/revisions\/6442"}],"wp:attachment":[{"href":"https:\/\/karoptima.com\/index.php\/wp-json\/wp\/v2\/media?parent=2"}],"curies":[{"name":"wp","href":"https:\/\/api.w.org\/{rel}","templated":true}]}}