{"id":834,"date":"2017-01-18T10:21:51","date_gmt":"2017-01-18T09:21:51","guid":{"rendered":"http:\/\/karoptima.com\/?page_id=834"},"modified":"2024-03-23T16:37:24","modified_gmt":"2024-03-23T15:37:24","slug":"references","status":"publish","type":"page","link":"https:\/\/karoptima.com\/index.php\/references\/","title":{"rendered":"R\u00e9f\u00e9rences"},"content":{"rendered":"\t\t<div data-elementor-type=\"wp-page\" data-elementor-id=\"834\" class=\"elementor elementor-834\">\n\t\t\t\t\t\t<section class=\"elementor-section elementor-top-section elementor-element elementor-element-e245928 elementor-section-boxed elementor-section-height-default elementor-section-height-default\" data-id=\"e245928\" data-element_type=\"section\">\n\t\t\t\t\t\t<div class=\"elementor-container elementor-column-gap-default\">\n\t\t\t\t\t<div class=\"elementor-column elementor-col-100 elementor-top-column elementor-element elementor-element-2e9c3e2\" data-id=\"2e9c3e2\" data-element_type=\"column\">\n\t\t\t<div class=\"elementor-widget-wrap elementor-element-populated\">\n\t\t\t\t\t\t<div class=\"elementor-element elementor-element-631f339 elementor-widget elementor-widget-text-editor\" data-id=\"631f339\" data-element_type=\"widget\" data-widget_type=\"text-editor.default\">\n\t\t\t\t<div class=\"elementor-widget-container\">\n\t\t\t<style>\/*! elementor - v3.20.0 - 26-03-2024 *\/\n.elementor-widget-text-editor.elementor-drop-cap-view-stacked .elementor-drop-cap{background-color:#69727d;color:#fff}.elementor-widget-text-editor.elementor-drop-cap-view-framed .elementor-drop-cap{color:#69727d;border:3px solid;background-color:transparent}.elementor-widget-text-editor:not(.elementor-drop-cap-view-default) .elementor-drop-cap{margin-top:8px}.elementor-widget-text-editor:not(.elementor-drop-cap-view-default) .elementor-drop-cap-letter{width:1em;height:1em}.elementor-widget-text-editor .elementor-drop-cap{float:left;text-align:center;line-height:1;font-size:50px}.elementor-widget-text-editor .elementor-drop-cap-letter{display:inline-block}<\/style>\t\t\t\t<h2 style=\"text-align: center;\"><span style=\"color: #f39313;\"><strong>Des missions tr\u00e8s diff\u00e9rentes qui g\u00e9n\u00e8rent de belles r\u00e9ussites !<\/strong><\/span><\/h2>\t\t\t\t\t\t<\/div>\n\t\t\t\t<\/div>\n\t\t\t\t\t<\/div>\n\t\t<\/div>\n\t\t\t\t\t<\/div>\n\t\t<\/section>\n\t\t\t\t<section class=\"elementor-section elementor-top-section elementor-element elementor-element-c14465a elementor-section-boxed elementor-section-height-default elementor-section-height-default\" data-id=\"c14465a\" data-element_type=\"section\">\n\t\t\t\t\t\t<div class=\"elementor-container elementor-column-gap-default\">\n\t\t\t\t\t<div class=\"elementor-column elementor-col-100 elementor-top-column elementor-element elementor-element-a8108a9\" data-id=\"a8108a9\" data-element_type=\"column\">\n\t\t\t<div class=\"elementor-widget-wrap elementor-element-populated\">\n\t\t\t\t\t\t<div class=\"elementor-element elementor-element-209d4bb elementor-widget elementor-widget-text-editor\" data-id=\"209d4bb\" data-element_type=\"widget\" data-widget_type=\"text-editor.default\">\n\t\t\t\t<div class=\"elementor-widget-container\">\n\t\t\t\t\t\t\t<h3><span style=\"color: #008080;\">Les principales d&rsquo;entre elles :<\/span><\/h3>\t\t\t\t\t\t<\/div>\n\t\t\t\t<\/div>\n\t\t\t\t\t<\/div>\n\t\t<\/div>\n\t\t\t\t\t<\/div>\n\t\t<\/section>\n\t\t\t\t<section class=\"elementor-section elementor-top-section elementor-element elementor-element-bdfb7d0 elementor-section-boxed elementor-section-height-default elementor-section-height-default\" data-id=\"bdfb7d0\" data-element_type=\"section\">\n\t\t\t\t\t\t<div class=\"elementor-container elementor-column-gap-default\">\n\t\t\t\t\t<div class=\"elementor-column elementor-col-66 elementor-top-column elementor-element elementor-element-1b08a52\" data-id=\"1b08a52\" data-element_type=\"column\">\n\t\t\t<div class=\"elementor-widget-wrap elementor-element-populated\">\n\t\t\t\t\t\t<div class=\"elementor-element elementor-element-a417ae3 elementor-widget__width-initial elementor-widget elementor-widget-text-editor\" data-id=\"a417ae3\" data-element_type=\"widget\" data-widget_type=\"text-editor.default\">\n\t\t\t\t<div class=\"elementor-widget-container\">\n\t\t\t\t\t\t\t<h3><span style=\"color: #008080;\">Depuis la cr\u00e9ation de Karoptima \u00e0 ce jour, aupr\u00e8s de l&rsquo;association HAND TO HAND (danse inclusive) pour la r\u00e9alisation de <strong>prestations diverses<\/strong> :<\/span><\/h3><h4><span style=\"color: #305d63;\">&#8211;\u00a0 <strong>constitution et suivi de dossiers : <\/strong>demandes de subvention et r\u00e9ponses aux appels \u00e0 projets ;<\/span><br \/><span style=\"color: #305d63;\">&#8211;\u00a0 <strong>mise en place d&rsquo;\u00e9v\u00e9nements <\/strong>locaux ou en partenariat avec d&rsquo;autres pays (Espagne, Roumanie) autour des techniques de Para Dance.<\/span><br \/><span style=\"color: #305d63;\">&#8211;\u00a0 <strong>organisation du d\u00e9placement<\/strong> pour un s\u00e9jour d&rsquo;une semaine, d&rsquo;un groupe de 20 personnes, pour moiti\u00e9 en situtation de handicap et pour moiti\u00e9 valides, de Bordeaux \u00e0 Madrid dans le cadre d&rsquo;un programme ERASMUS +\u00a0 d&rsquo;<strong>\u00e9changes internationaux<\/strong> autour de la danse handis-valides.<\/span><br \/><span style=\"color: #305d63;\">&#8211;\u00a0 <strong>prise en charge globale de l&rsquo;organisation<\/strong> pour\u00a0 la venue d&rsquo;un groupe de danseurs roumains (valides et en situation de handicap) et de plusieurs coach et juges internationaux pour des formations\u00a0 : organisation logistique, traduction et suivi du bon d\u00e9roulement en pr\u00e9sentiel durant la totalit\u00e9 du s\u00e9jour.<\/span><br \/><span style=\"color: #305d63;\">&#8211;\u00a0 cr\u00e9ation et diffusion des <strong>newsletters mensuelles<\/strong>.<\/span><\/h4>\t\t\t\t\t\t<\/div>\n\t\t\t\t<\/div>\n\t\t\t\t\t<\/div>\n\t\t<\/div>\n\t\t\t\t<div class=\"elementor-column elementor-col-33 elementor-top-column elementor-element elementor-element-4c1c794\" data-id=\"4c1c794\" data-element_type=\"column\">\n\t\t\t<div class=\"elementor-widget-wrap elementor-element-populated\">\n\t\t\t\t\t\t<div class=\"elementor-element elementor-element-820e83c elementor-widget elementor-widget-image\" data-id=\"820e83c\" data-element_type=\"widget\" data-widget_type=\"image.default\">\n\t\t\t\t<div class=\"elementor-widget-container\">\n\t\t\t<style>\/*! elementor - v3.20.0 - 26-03-2024 *\/\n.elementor-widget-image{text-align:center}.elementor-widget-image a{display:inline-block}.elementor-widget-image a img[src$=\".svg\"]{width:48px}.elementor-widget-image img{vertical-align:middle;display:inline-block}<\/style>\t\t\t\t\t\t\t\t\t\t<img fetchpriority=\"high\" decoding=\"async\" width=\"240\" height=\"226\" src=\"https:\/\/karoptima.com\/wp-content\/uploads\/2021\/02\/logo-H2H-petit.jpg\" class=\"attachment-large size-large wp-image-1671\" alt=\"\" srcset=\"https:\/\/karoptima.com\/wp-content\/uploads\/2021\/02\/logo-H2H-petit.jpg 240w, https:\/\/karoptima.com\/wp-content\/uploads\/2021\/02\/logo-H2H-petit-150x141.jpg 150w, https:\/\/karoptima.com\/wp-content\/uploads\/2021\/02\/logo-H2H-petit-24x24.jpg 24w, https:\/\/karoptima.com\/wp-content\/uploads\/2021\/02\/logo-H2H-petit-36x34.jpg 36w, https:\/\/karoptima.com\/wp-content\/uploads\/2021\/02\/logo-H2H-petit-48x45.jpg 48w\" sizes=\"(max-width: 240px) 100vw, 240px\" \/>\t\t\t\t\t\t\t\t\t\t\t\t\t<\/div>\n\t\t\t\t<\/div>\n\t\t\t\t\t<\/div>\n\t\t<\/div>\n\t\t\t\t\t<\/div>\n\t\t<\/section>\n\t\t\t\t<section class=\"elementor-section elementor-top-section elementor-element elementor-element-bbbc2e9 elementor-section-boxed elementor-section-height-default elementor-section-height-default\" data-id=\"bbbc2e9\" data-element_type=\"section\">\n\t\t\t\t\t\t<div class=\"elementor-container elementor-column-gap-default\">\n\t\t\t\t\t<div class=\"elementor-column elementor-col-100 elementor-top-column elementor-element elementor-element-cea0ddb\" data-id=\"cea0ddb\" data-element_type=\"column\">\n\t\t\t<div class=\"elementor-widget-wrap elementor-element-populated\">\n\t\t\t\t\t\t<div class=\"elementor-element elementor-element-ee0567a elementor-widget elementor-widget-text-editor\" data-id=\"ee0567a\" data-element_type=\"widget\" data-widget_type=\"text-editor.default\">\n\t\t\t\t<div class=\"elementor-widget-container\">\n\t\t\t\t\t\t\t<h3><span style=\"color: #008080;\">Durant 5 ans : <strong>gestion administrative et commerciale <\/strong>externalis\u00e9e <strong>Fran\u00e7ais et Anglais <\/strong>:<\/span><\/h3><h4><span style=\"color: #305d63;\">tenue \u00e0 jour du planning des rendez-vous, cr\u00e9ation et mise \u00e0 jour de fiches contacts et r\u00e9daction de compte-rendus de visites (support audio) pour\u00a0 Emilie MARTINEZ, soci\u00e9t\u00e9 3 Macarons, sp\u00e9cialis\u00e9e dans la repr\u00e9sentation de grandes marques de produits sucr\u00e9s export\u00e9s essentiellement vers les pays du Moyen Orient.<\/span><\/h4><div>\u00a0<\/div>\t\t\t\t\t\t<\/div>\n\t\t\t\t<\/div>\n\t\t\t\t\t<\/div>\n\t\t<\/div>\n\t\t\t\t\t<\/div>\n\t\t<\/section>\n\t\t\t\t<section class=\"elementor-section elementor-top-section elementor-element elementor-element-386116a elementor-section-boxed elementor-section-height-default elementor-section-height-default\" data-id=\"386116a\" data-element_type=\"section\">\n\t\t\t\t\t\t<div class=\"elementor-container elementor-column-gap-default\">\n\t\t\t\t\t<div class=\"elementor-column elementor-col-33 elementor-top-column elementor-element elementor-element-37adaf3\" data-id=\"37adaf3\" data-element_type=\"column\">\n\t\t\t<div class=\"elementor-widget-wrap elementor-element-populated\">\n\t\t\t\t\t\t<div class=\"elementor-element elementor-element-32e4ebb elementor-widget__width-initial elementor-widget elementor-widget-image\" data-id=\"32e4ebb\" data-element_type=\"widget\" data-widget_type=\"image.default\">\n\t\t\t\t<div class=\"elementor-widget-container\">\n\t\t\t\t\t\t\t\t\t\t\t\t\t<img decoding=\"async\" width=\"310\" height=\"163\" src=\"https:\/\/karoptima.com\/wp-content\/uploads\/2017\/02\/nabaiji.jpe\" class=\"attachment-large size-large wp-image-867\" alt=\"\" srcset=\"https:\/\/karoptima.com\/wp-content\/uploads\/2017\/02\/nabaiji.jpe 310w, https:\/\/karoptima.com\/wp-content\/uploads\/2017\/02\/nabaiji-300x158.jpe 300w, https:\/\/karoptima.com\/wp-content\/uploads\/2017\/02\/nabaiji-250x131.jpe 250w, https:\/\/karoptima.com\/wp-content\/uploads\/2017\/02\/nabaiji-150x79.jpe 150w, https:\/\/karoptima.com\/wp-content\/uploads\/2017\/02\/nabaiji-24x13.jpe 24w, https:\/\/karoptima.com\/wp-content\/uploads\/2017\/02\/nabaiji-36x19.jpe 36w, https:\/\/karoptima.com\/wp-content\/uploads\/2017\/02\/nabaiji-48x25.jpe 48w\" sizes=\"(max-width: 310px) 100vw, 310px\" \/>\t\t\t\t\t\t\t\t\t\t\t\t\t<\/div>\n\t\t\t\t<\/div>\n\t\t\t\t\t<\/div>\n\t\t<\/div>\n\t\t\t\t<div class=\"elementor-column elementor-col-66 elementor-top-column elementor-element elementor-element-83b7a81\" data-id=\"83b7a81\" data-element_type=\"column\">\n\t\t\t<div class=\"elementor-widget-wrap elementor-element-populated\">\n\t\t\t\t\t\t<div class=\"elementor-element elementor-element-0a52ceb elementor-widget elementor-widget-text-editor\" data-id=\"0a52ceb\" data-element_type=\"widget\" data-widget_type=\"text-editor.default\">\n\t\t\t\t<div class=\"elementor-widget-container\">\n\t\t\t\t\t\t\t<h3><span style=\"color: #008080;\">Pour le compte de la marque nabaiji du Groupe Decathlon, une m<\/span><span style=\"color: #305d63;\"><span style=\"color: #008080;\">ission double :\u00a0<\/span><\/span><\/h3><h4><span style=\"color: #305d63;\"><strong>&#8211;\u00a0 <\/strong><strong>traduction du Fran\u00e7ais vers l&rsquo;Anglais <\/strong>du book produits (plus de 150 pages).<\/span><br \/><span style=\"color: #305d63;\">&#8211;\u00a0 <strong>interpr\u00e9tariat Fran\u00e7ais -&gt; Anglais <\/strong>lors d&rsquo;un s\u00e9minaire<strong> international<\/strong> de formation produits (3 jours &#8211; groupe de 12 personnes venant de 9 pays).<\/span><\/h4><div>\u00a0<\/div>\t\t\t\t\t\t<\/div>\n\t\t\t\t<\/div>\n\t\t\t\t\t<\/div>\n\t\t<\/div>\n\t\t\t\t\t<\/div>\n\t\t<\/section>\n\t\t\t\t<section class=\"elementor-section elementor-top-section elementor-element elementor-element-6b79f9c elementor-section-boxed elementor-section-height-default elementor-section-height-default\" data-id=\"6b79f9c\" data-element_type=\"section\">\n\t\t\t\t\t\t<div class=\"elementor-container elementor-column-gap-default\">\n\t\t\t\t\t<div class=\"elementor-column elementor-col-66 elementor-top-column elementor-element elementor-element-8dac0fe\" data-id=\"8dac0fe\" data-element_type=\"column\">\n\t\t\t<div class=\"elementor-widget-wrap elementor-element-populated\">\n\t\t\t\t\t\t<div class=\"elementor-element elementor-element-228cbad elementor-widget elementor-widget-text-editor\" data-id=\"228cbad\" data-element_type=\"widget\" data-widget_type=\"text-editor.default\">\n\t\t\t\t<div class=\"elementor-widget-container\">\n\t\t\t\t\t\t\t<h3 style=\"text-align: left;\"><span style=\"color: #008080;\">Aupr\u00e8s de ARS NOUVELLE-AQUITAINE (Agence R\u00e9gionale de Sant\u00e9) :<\/span><\/h3><h4 style=\"text-align: left;\"><span style=\"color: #305d63;\">durant leurs diff\u00e9rents Comit\u00e9s d&rsquo;Agence, pour la <strong>prise de notes<\/strong> et l&rsquo;enregistrement des d\u00e9bats (25 intervenants) puis leur <strong>transcription<\/strong> synth\u00e9tique.\u00a0\u00a0\u00a0<\/span><span style=\"color: #305d63;\">\u00a0 <br \/><\/span><\/h4>\t\t\t\t\t\t<\/div>\n\t\t\t\t<\/div>\n\t\t\t\t\t<\/div>\n\t\t<\/div>\n\t\t\t\t<div class=\"elementor-column elementor-col-33 elementor-top-column elementor-element elementor-element-85732c0\" data-id=\"85732c0\" data-element_type=\"column\">\n\t\t\t<div class=\"elementor-widget-wrap elementor-element-populated\">\n\t\t\t\t\t\t<div class=\"elementor-element elementor-element-6a8a339 elementor-widget elementor-widget-image\" data-id=\"6a8a339\" data-element_type=\"widget\" data-widget_type=\"image.default\">\n\t\t\t\t<div class=\"elementor-widget-container\">\n\t\t\t\t\t\t\t\t\t\t\t\t\t<img decoding=\"async\" width=\"678\" height=\"388\" src=\"https:\/\/karoptima.com\/wp-content\/uploads\/2017\/01\/ARS_NA.jpg\" class=\"attachment-large size-large wp-image-908\" alt=\"\" srcset=\"https:\/\/karoptima.com\/wp-content\/uploads\/2017\/01\/ARS_NA.jpg 678w, https:\/\/karoptima.com\/wp-content\/uploads\/2017\/01\/ARS_NA-600x343.jpg 600w, https:\/\/karoptima.com\/wp-content\/uploads\/2017\/01\/ARS_NA-300x172.jpg 300w, https:\/\/karoptima.com\/wp-content\/uploads\/2017\/01\/ARS_NA-250x143.jpg 250w, https:\/\/karoptima.com\/wp-content\/uploads\/2017\/01\/ARS_NA-150x86.jpg 150w, https:\/\/karoptima.com\/wp-content\/uploads\/2017\/01\/ARS_NA-24x14.jpg 24w, https:\/\/karoptima.com\/wp-content\/uploads\/2017\/01\/ARS_NA-36x21.jpg 36w, https:\/\/karoptima.com\/wp-content\/uploads\/2017\/01\/ARS_NA-48x27.jpg 48w\" sizes=\"(max-width: 678px) 100vw, 678px\" \/>\t\t\t\t\t\t\t\t\t\t\t\t\t<\/div>\n\t\t\t\t<\/div>\n\t\t\t\t\t<\/div>\n\t\t<\/div>\n\t\t\t\t\t<\/div>\n\t\t<\/section>\n\t\t\t\t<section class=\"elementor-section elementor-top-section elementor-element elementor-element-ee0588a elementor-section-boxed elementor-section-height-default elementor-section-height-default\" data-id=\"ee0588a\" data-element_type=\"section\">\n\t\t\t\t\t\t<div class=\"elementor-container elementor-column-gap-default\">\n\t\t\t\t\t<div class=\"elementor-column elementor-col-100 elementor-top-column elementor-element elementor-element-db83a2d\" data-id=\"db83a2d\" data-element_type=\"column\">\n\t\t\t<div class=\"elementor-widget-wrap elementor-element-populated\">\n\t\t\t\t\t\t<div class=\"elementor-element elementor-element-2cddc03 elementor-widget elementor-widget-text-editor\" data-id=\"2cddc03\" data-element_type=\"widget\" data-widget_type=\"text-editor.default\">\n\t\t\t\t<div class=\"elementor-widget-container\">\n\t\t\t\t\t\t\t<h3><span style=\"color: #008080;\">Pour le compte de l&rsquo;Universit\u00e9 de Versailles St Quentin en Yvelines<\/span> \u00a0<\/h3><h4><span style=\"color: #305d63;\">pour des <strong>transcriptions <\/strong>de fichiers audio de 3\u00a0 Conseils d&rsquo;Administration, soit 13 heures de d\u00e9bats. \u00a0\u00a0<\/span> <\/h4>\t\t\t\t\t\t<\/div>\n\t\t\t\t<\/div>\n\t\t\t\t\t<\/div>\n\t\t<\/div>\n\t\t\t\t\t<\/div>\n\t\t<\/section>\n\t\t\t\t<section class=\"elementor-section elementor-top-section elementor-element elementor-element-86b51ff elementor-section-boxed elementor-section-height-default elementor-section-height-default\" data-id=\"86b51ff\" data-element_type=\"section\">\n\t\t\t\t\t\t<div class=\"elementor-container elementor-column-gap-default\">\n\t\t\t\t\t<div class=\"elementor-column elementor-col-33 elementor-top-column elementor-element elementor-element-dfe4e6f\" data-id=\"dfe4e6f\" data-element_type=\"column\">\n\t\t\t<div class=\"elementor-widget-wrap elementor-element-populated\">\n\t\t\t\t\t\t<div class=\"elementor-element elementor-element-b47a3bd elementor-widget__width-initial elementor-widget elementor-widget-image\" data-id=\"b47a3bd\" data-element_type=\"widget\" data-widget_type=\"image.default\">\n\t\t\t\t<div class=\"elementor-widget-container\">\n\t\t\t\t\t\t\t\t\t\t\t\t\t<img loading=\"lazy\" decoding=\"async\" width=\"346\" height=\"145\" src=\"https:\/\/karoptima.com\/wp-content\/uploads\/2020\/12\/logo-POSSIBLE-FUTURE.png\" class=\"attachment-large size-large wp-image-1544\" alt=\"\" srcset=\"https:\/\/karoptima.com\/wp-content\/uploads\/2020\/12\/logo-POSSIBLE-FUTURE.png 346w, https:\/\/karoptima.com\/wp-content\/uploads\/2020\/12\/logo-POSSIBLE-FUTURE-300x126.png 300w, https:\/\/karoptima.com\/wp-content\/uploads\/2020\/12\/logo-POSSIBLE-FUTURE-150x63.png 150w, https:\/\/karoptima.com\/wp-content\/uploads\/2020\/12\/logo-POSSIBLE-FUTURE-24x10.png 24w, https:\/\/karoptima.com\/wp-content\/uploads\/2020\/12\/logo-POSSIBLE-FUTURE-36x15.png 36w, https:\/\/karoptima.com\/wp-content\/uploads\/2020\/12\/logo-POSSIBLE-FUTURE-48x20.png 48w\" sizes=\"(max-width: 346px) 100vw, 346px\" \/>\t\t\t\t\t\t\t\t\t\t\t\t\t<\/div>\n\t\t\t\t<\/div>\n\t\t\t\t\t<\/div>\n\t\t<\/div>\n\t\t\t\t<div class=\"elementor-column elementor-col-66 elementor-top-column elementor-element elementor-element-ff1e3a3\" data-id=\"ff1e3a3\" data-element_type=\"column\">\n\t\t\t<div class=\"elementor-widget-wrap elementor-element-populated\">\n\t\t\t\t\t\t<div class=\"elementor-element elementor-element-6da6109 elementor-widget__width-initial elementor-widget elementor-widget-text-editor\" data-id=\"6da6109\" data-element_type=\"widget\" data-widget_type=\"text-editor.default\">\n\t\t\t\t<div class=\"elementor-widget-container\">\n\t\t\t\t\t\t\t<h3><span style=\"color: #008080;\">Aupr\u00e8s de la DAF de la start-up parisienne POSSIBLE FUTURE<br \/>(15 mois &#8211; 2019\/2020)\u00a0\u00a0\u00a0\u00a0\u00a0 <\/span>\u00a0\u00a0\u00a0<\/h3><h4><span style=\"color: #305d63;\">pour du <strong>support administratif<\/strong> et pr\u00e9-comptable :<\/span><br \/><span style=\"color: #305d63;\">&#8211;\u00a0 enregistrement et suivi des factures fournisseurs (2 logiciels) ;<\/span><br \/><span style=\"color: #305d63;\">&#8211;\u00a0 contr\u00f4le et finalisation des saisies des notes de frais de toute l&rsquo;\u00e9quipe, environ 20 personnes.<\/span><\/h4><div>\u00a0<\/div>\t\t\t\t\t\t<\/div>\n\t\t\t\t<\/div>\n\t\t\t\t\t<\/div>\n\t\t<\/div>\n\t\t\t\t\t<\/div>\n\t\t<\/section>\n\t\t\t\t<section class=\"elementor-section elementor-top-section elementor-element elementor-element-5e0e81bf elementor-section-boxed elementor-section-height-default elementor-section-height-default\" data-id=\"5e0e81bf\" data-element_type=\"section\">\n\t\t\t\t\t\t<div class=\"elementor-container elementor-column-gap-default\">\n\t\t\t\t\t<div class=\"elementor-column elementor-col-100 elementor-top-column elementor-element elementor-element-587c9ac\" data-id=\"587c9ac\" data-element_type=\"column\">\n\t\t\t<div class=\"elementor-widget-wrap elementor-element-populated\">\n\t\t\t\t\t\t<div class=\"elementor-element elementor-element-37c2908b elementor-widget elementor-widget-text-editor\" data-id=\"37c2908b\" data-element_type=\"widget\" data-widget_type=\"text-editor.default\">\n\t\t\t\t<div class=\"elementor-widget-container\">\n\t\t\t\t\t\t\t<ul><li><span style=\"color: #008080;\"><strong>\u00a0<\/strong>aux c\u00f4t\u00e9s de Eric Micouleau de la soci\u00e9t\u00e9 7 M DESIGN pour la<strong> traduction<\/strong> de son d\u00e9pliant \u00ab\u00a0l&rsquo;Ecrin du Vin\u00a0\u00bb du <strong>fran\u00e7ais vers l&rsquo;anglais<\/strong>.<\/span><\/li><li><span style=\"color: #008080;\"><strong>\u00a0<\/strong>aux c\u00f4t\u00e9s de Micha\u00ebl Le Tallec de AGENCEMENT ACOUSTIQUE concernant la <strong>finalisation de dossiers<\/strong> d&rsquo;\u00e9tude technique pour des prospects.<\/span><\/li><li><span style=\"color: #008080;\">aux c\u00f4t\u00e9s du Comit\u00e9 d&rsquo;Organisation de l&rsquo;association D&rsquo;SIGN BORDEAUX\u00a0 <\/span><span style=\"color: #008080;\">avec la <strong>prise de notes durant les d\u00e9bats puis la transcription <\/strong>de leur colloque sur la th\u00e9matique \u00ab\u00a0Ecriture(s) de la langue des signes\u00a0\u00bb.<\/span><\/li><\/ul>\t\t\t\t\t\t<\/div>\n\t\t\t\t<\/div>\n\t\t\t\t\t<\/div>\n\t\t<\/div>\n\t\t\t\t\t<\/div>\n\t\t<\/section>\n\t\t\t\t<\/div>\n\t\t","protected":false},"excerpt":{"rendered":"<p>Des missions tr\u00e8s diff\u00e9rentes qui g\u00e9n\u00e8rent de belles r\u00e9ussites ! Les principales d&rsquo;entre elles : Depuis la cr\u00e9ation de Karoptima \u00e0 ce jour, aupr\u00e8s de l&rsquo;association HAND TO HAND (danse inclusive) pour la r\u00e9alisation de prestations diverses : &#8211;\u00a0 constitution et suivi de dossiers : demandes de subvention et r\u00e9ponses aux appels \u00e0 projets ;&#8211;\u00a0 [&hellip;]<\/p>\n","protected":false},"author":1,"featured_media":0,"parent":0,"menu_order":0,"comment_status":"closed","ping_status":"closed","template":"","meta":{"footnotes":""},"aioseo_notices":[],"_links":{"self":[{"href":"https:\/\/karoptima.com\/index.php\/wp-json\/wp\/v2\/pages\/834"}],"collection":[{"href":"https:\/\/karoptima.com\/index.php\/wp-json\/wp\/v2\/pages"}],"about":[{"href":"https:\/\/karoptima.com\/index.php\/wp-json\/wp\/v2\/types\/page"}],"author":[{"embeddable":true,"href":"https:\/\/karoptima.com\/index.php\/wp-json\/wp\/v2\/users\/1"}],"replies":[{"embeddable":true,"href":"https:\/\/karoptima.com\/index.php\/wp-json\/wp\/v2\/comments?post=834"}],"version-history":[{"count":291,"href":"https:\/\/karoptima.com\/index.php\/wp-json\/wp\/v2\/pages\/834\/revisions"}],"predecessor-version":[{"id":6508,"href":"https:\/\/karoptima.com\/index.php\/wp-json\/wp\/v2\/pages\/834\/revisions\/6508"}],"wp:attachment":[{"href":"https:\/\/karoptima.com\/index.php\/wp-json\/wp\/v2\/media?parent=834"}],"curies":[{"name":"wp","href":"https:\/\/api.w.org\/{rel}","templated":true}]}}