{"id":87,"date":"2015-11-06T17:31:29","date_gmt":"2015-11-06T16:31:29","guid":{"rendered":"http:\/\/karoptima.com\/?page_id=87"},"modified":"2024-03-20T17:08:22","modified_gmt":"2024-03-20T16:08:22","slug":"contact-2","status":"publish","type":"page","link":"https:\/\/karoptima.com\/index.php\/contact-2\/","title":{"rendered":"Contact"},"content":{"rendered":"\t\t<div data-elementor-type=\"wp-page\" data-elementor-id=\"87\" class=\"elementor elementor-87\">\n\t\t\t\t\t\t<section class=\"elementor-section elementor-top-section elementor-element elementor-element-4963607 elementor-section-boxed elementor-section-height-default elementor-section-height-default\" data-id=\"4963607\" data-element_type=\"section\">\n\t\t\t\t\t\t<div class=\"elementor-container elementor-column-gap-default\">\n\t\t\t\t\t<div class=\"elementor-column elementor-col-33 elementor-top-column elementor-element elementor-element-e9d3f0d\" data-id=\"e9d3f0d\" data-element_type=\"column\">\n\t\t\t<div class=\"elementor-widget-wrap elementor-element-populated\">\n\t\t\t\t\t\t<div class=\"elementor-element elementor-element-9436e2f elementor-widget elementor-widget-image\" data-id=\"9436e2f\" data-element_type=\"widget\" data-widget_type=\"image.default\">\n\t\t\t\t<div class=\"elementor-widget-container\">\n\t\t\t<style>\/*! elementor - v3.20.0 - 26-03-2024 *\/\n.elementor-widget-image{text-align:center}.elementor-widget-image a{display:inline-block}.elementor-widget-image a img[src$=\".svg\"]{width:48px}.elementor-widget-image img{vertical-align:middle;display:inline-block}<\/style>\t\t\t\t\t\t\t\t\t\t<img decoding=\"async\" src=\"https:\/\/karoptima.com\/wp-content\/uploads\/2024\/03\/pro-CV-fev-21.jpg\" title=\"\" alt=\"\" loading=\"lazy\" \/>\t\t\t\t\t\t\t\t\t\t\t\t\t<\/div>\n\t\t\t\t<\/div>\n\t\t\t\t\t<\/div>\n\t\t<\/div>\n\t\t\t\t<div class=\"elementor-column elementor-col-66 elementor-top-column elementor-element elementor-element-c56d0ab\" data-id=\"c56d0ab\" data-element_type=\"column\">\n\t\t\t<div class=\"elementor-widget-wrap elementor-element-populated\">\n\t\t\t\t\t\t<div class=\"elementor-element elementor-element-e0c4922 elementor-widget elementor-widget-text-editor\" data-id=\"e0c4922\" data-element_type=\"widget\" data-widget_type=\"text-editor.default\">\n\t\t\t\t<div class=\"elementor-widget-container\">\n\t\t\t<style>\/*! elementor - v3.20.0 - 26-03-2024 *\/\n.elementor-widget-text-editor.elementor-drop-cap-view-stacked .elementor-drop-cap{background-color:#69727d;color:#fff}.elementor-widget-text-editor.elementor-drop-cap-view-framed .elementor-drop-cap{color:#69727d;border:3px solid;background-color:transparent}.elementor-widget-text-editor:not(.elementor-drop-cap-view-default) .elementor-drop-cap{margin-top:8px}.elementor-widget-text-editor:not(.elementor-drop-cap-view-default) .elementor-drop-cap-letter{width:1em;height:1em}.elementor-widget-text-editor .elementor-drop-cap{float:left;text-align:center;line-height:1;font-size:50px}.elementor-widget-text-editor .elementor-drop-cap-letter{display:inline-block}<\/style>\t\t\t\t<ul><li><h4><span style=\"color: #008080;\">\u00a0Formulaire de contact ci-dessous.\u00a0<\/span><\/h4><\/li><\/ul><p><span style=\"color: #008080;\"><em>ou<\/em><\/span><\/p><ul><li><h4><span style=\"color: #008080;\">\u00a0Email :\u00a0\u00a0<strong><span style=\"color: #f39313;\"> karoptima49@yahoo.com<\/span> <br \/><\/strong><\/span><\/h4><\/li><\/ul><h6><span style=\"color: #008080;\">(Tous les champs avec un ast\u00e9risque doivent \u00eatre renseign\u00e9s).<\/span><\/h6><h4>\n\n<div class=\"scfp-form-content\">\n    <form class=\"scfp-form\" id=\"wcpform_1\"  method=\"post\" action=\"\">\n        <input type=\"hidden\" name=\"form_id\" value=\"wcpform_1\"\/>\n        <input type=\"hidden\" name=\"action\" value=\"scfp-form-submit\"\/>\n            <div class=\"scfp-form-row\">\n                    <label class=\"scfp-form-label\" for=\"scfp-name\">Nom <span class=\"scfp-form-field-required\">*<\/span><\/label>\n                \n        <input  class=\"scfp-form-field\" type=\"text\" id=\"scfp-name\" name=\"scfp-name\"  required  value=\"\">\n\n            <\/div>\n    <div class=\"scfp-form-row\">\n                    <label class=\"scfp-form-label\" for=\"scfp-email\">Email <span class=\"scfp-form-field-required\">*<\/span><\/label>\n                \n        <input  class=\"scfp-form-field\" type=\"email\" id=\"scfp-email\" name=\"scfp-email\"  required  value=\"\">\n\n            <\/div>\n    <div class=\"scfp-form-row\">\n                    <label class=\"scfp-form-label\" for=\"scfp-subject\">Objet <span class=\"scfp-form-field-required\">*<\/span><\/label>\n                \n        <input  class=\"scfp-form-field\" type=\"text\" id=\"scfp-subject\" name=\"scfp-subject\"  required  value=\"\">\n\n            <\/div>\n    <div class=\"scfp-form-row\">\n                    <label class=\"scfp-form-label\" for=\"scfp-message\">Message <span class=\"scfp-form-field-required\">*<\/span><\/label>\n                \n        <textarea  class=\"scfp-form-field scfp-form-message-field\" id=\"scfp-message\" name=\"scfp-message\" required ><\/textarea>        \n        \n                \n    <\/div>\n    <div class=\"scfp-form-row\">\n                    <label class=\"scfp-form-label\" for=\"scfp-captcha\">Captcha <span class=\"scfp-form-field-required\">*<\/span><\/label>\n                    \n        <div class=\"scfp-captcha\">                                \n            <div class=\"scfp-captcha-image\">\n                <div class=\"scfp-captcha-image-wrapper\">\n                    <img decoding=\"async\" src=\"data:image\/png;base64,iVBORw0KGgoAAAANSUhEUgAAAMgAAABGCAIAAAAGgExhAAAACXBIWXMAAA7EAAAOxAGVKw4bAAAAz0lEQVR4nO3SwQ3AIBDAsNL9dz6WIEJC9gR5ZM3MB6f9twN4k7FIGIuEsUgYi4SxSBiLhLFIGIuEsUgYi4SxSBiLhLFIGIuEsUgYi4SxSBiLhLFIGIuEsUgYi4SxSBiLhLFIGIuEsUgYi4SxSBiLhLFIGIuEsUgYi4SxSBiLhLFIGIuEsUgYi4SxSBiLhLFIGIuEsUgYi4SxSBiLhLFIGIuEsUgYi4SxSBiLhLFIGIuEsUgYi4SxSBiLhLFIGIuEsUgYi4SxSBiLhLFIGIvEBsJGA4kCb7UHAAAAAElFTkSuQmCC\" alt=\"\" \/>\n                <\/div>    \n            <\/div>    \n            <div class=\"scfp-captcha-field\">\n                <input  class=\"scfp-form-field\" type=\"text\" id=\"scfp-captcha\" name=\"scfp-captcha\"  required >\n                <a class=\"scfp-captcha-refresh\" data-key=\"captcha\" data-id=\"wcpform_1\" href=\"javascript:void();\">\n                    <div class=\"scfp-captcha-refresh-inner\">\n                        <div class=\"scfp-captcha-refresh-inner-icon\">\n                            <span class=\"scfp-icon-refresh\"><\/span>\n                            <span class=\"scfp-no-styles\">Refresh<\/span>\n                        <\/div>    \n                    <\/div>    \n                <\/a>\n            <\/div>\n            \n                         \n        <\/div>        \n    <\/div>\n        <div class=\"scfp-form-action scfp-form-button-position-left\">\n            <input class=\"scfp-form-submit\" type=\"submit\" value=\"Envoi\">\n        <\/div>        \n    <\/form>\n<\/div>\n<\/h4>\t\t\t\t\t\t<\/div>\n\t\t\t\t<\/div>\n\t\t\t\t\t<\/div>\n\t\t<\/div>\n\t\t\t\t\t<\/div>\n\t\t<\/section>\n\t\t\t\t<section class=\"elementor-section elementor-top-section elementor-element elementor-element-e74bd5b elementor-section-boxed elementor-section-height-default elementor-section-height-default\" data-id=\"e74bd5b\" data-element_type=\"section\">\n\t\t\t\t\t\t<div class=\"elementor-container elementor-column-gap-default\">\n\t\t\t\t\t<div class=\"elementor-column elementor-col-100 elementor-top-column elementor-element elementor-element-058c4ca\" data-id=\"058c4ca\" data-element_type=\"column\">\n\t\t\t<div class=\"elementor-widget-wrap elementor-element-populated\">\n\t\t\t\t\t\t<div class=\"elementor-element elementor-element-75c13a2 elementor-widget elementor-widget-heading\" data-id=\"75c13a2\" data-element_type=\"widget\" data-widget_type=\"heading.default\">\n\t\t\t\t<div class=\"elementor-widget-container\">\n\t\t\t<style>\/*! elementor - v3.20.0 - 26-03-2024 *\/\n.elementor-heading-title{padding:0;margin:0;line-height:1}.elementor-widget-heading .elementor-heading-title[class*=elementor-size-]>a{color:inherit;font-size:inherit;line-height:inherit}.elementor-widget-heading .elementor-heading-title.elementor-size-small{font-size:15px}.elementor-widget-heading .elementor-heading-title.elementor-size-medium{font-size:19px}.elementor-widget-heading .elementor-heading-title.elementor-size-large{font-size:29px}.elementor-widget-heading .elementor-heading-title.elementor-size-xl{font-size:39px}.elementor-widget-heading .elementor-heading-title.elementor-size-xxl{font-size:59px}<\/style><h2 class=\"elementor-heading-title elementor-size-default\"><div><div><main role=\"main\"><div><div><div><article><div itemprop=\"text\"><h5><span style=\"color: #000080;\">Les informations recueillies sur ce formulaire sont enregistr\u00e9es dans un fichier informatis\u00e9 par KAROPTIMA pour la fourniture de ses prestations ou la communication \u00e0 propos de \nces prestations exclusivement, en stricte conformit\u00e9 avec le RGPD.<\/span><\/h5><h5><span style=\"color: #000080;\">Les donn\u00e9es collect\u00e9es seront communiqu\u00e9es aux seuls destinataires suivants : Caroline Walrave.<strong><br><\/strong>Les donn\u00e9es sont conserv\u00e9es pendant toute la dur\u00e9e de la mission \/ des missions confi\u00e9e(s) \u00e0 KAROPTIMA.<\/span><\/h5><h5><span style=\"color: #000080;\">Vous pouvez acc\u00e9der aux donn\u00e9es vous concernant, les rectifier, demander leur effacement ou exercer votre droit \u00e0 la limitation du traitement de vos donn\u00e9es.&nbsp;<\/span><\/h5><\/div><\/article><\/div><\/div><\/div><\/main><\/div><\/div>\n\n\n<\/h2>\t\t<\/div>\n\t\t\t\t<\/div>\n\t\t\t\t\t<\/div>\n\t\t<\/div>\n\t\t\t\t\t<\/div>\n\t\t<\/section>\n\t\t\t\t<\/div>\n\t\t","protected":false},"excerpt":{"rendered":"<p>\u00a0Formulaire de contact ci-dessous.\u00a0 ou \u00a0Email :\u00a0\u00a0 karoptima49@yahoo.com (Tous les champs avec un ast\u00e9risque doivent \u00eatre renseign\u00e9s). Les informations recueillies sur ce formulaire sont enregistr\u00e9es dans un fichier informatis\u00e9 par KAROPTIMA pour la fourniture de ses prestations ou la communication \u00e0 propos de ces prestations exclusivement, en stricte conformit\u00e9 avec le RGPD. Les donn\u00e9es collect\u00e9es [&hellip;]<\/p>\n","protected":false},"author":1,"featured_media":0,"parent":0,"menu_order":0,"comment_status":"closed","ping_status":"closed","template":"","meta":{"footnotes":""},"aioseo_notices":[],"_links":{"self":[{"href":"https:\/\/karoptima.com\/index.php\/wp-json\/wp\/v2\/pages\/87"}],"collection":[{"href":"https:\/\/karoptima.com\/index.php\/wp-json\/wp\/v2\/pages"}],"about":[{"href":"https:\/\/karoptima.com\/index.php\/wp-json\/wp\/v2\/types\/page"}],"author":[{"embeddable":true,"href":"https:\/\/karoptima.com\/index.php\/wp-json\/wp\/v2\/users\/1"}],"replies":[{"embeddable":true,"href":"https:\/\/karoptima.com\/index.php\/wp-json\/wp\/v2\/comments?post=87"}],"version-history":[{"count":78,"href":"https:\/\/karoptima.com\/index.php\/wp-json\/wp\/v2\/pages\/87\/revisions"}],"predecessor-version":[{"id":6348,"href":"https:\/\/karoptima.com\/index.php\/wp-json\/wp\/v2\/pages\/87\/revisions\/6348"}],"wp:attachment":[{"href":"https:\/\/karoptima.com\/index.php\/wp-json\/wp\/v2\/media?parent=87"}],"curies":[{"name":"wp","href":"https:\/\/api.w.org\/{rel}","templated":true}]}}